{"id":10990,"date":"2023-04-24T13:34:26","date_gmt":"2023-04-24T12:34:26","guid":{"rendered":"https:\/\/deseta-gimnazija.hr\/?page_id=10990"},"modified":"2024-10-14T14:09:38","modified_gmt":"2024-10-14T12:09:38","slug":"protokoli","status":"publish","type":"page","link":"https:\/\/deseta-gimnazija.hr\/?page_id=10990","title":{"rendered":"Protokoli"},"content":{"rendered":"<p><strong>Protokol o pokretanju psiholo\u0161kih kriznih intervencija u sustavu odgoja i obrazovanja<\/strong><br \/>\n<\/p>\n<p><strong>Protokol o postupanju u slu\u010daju nasilja me\u0111u djecom i mladima &#8211; Ministarstvo za demografiju, obitelj, mlade i socijalnu politiku<\/strong><br \/>\n<\/p>\n<p><strong>Protokol o postupanju u slu\u010daju nasilja u obitelji &#8211; Ministarstvo za demografiju, obitelj, mlade i socijalnu politiku<\/strong><br \/>\n<\/p>\n<p><strong>Protokol o postupanju u slu\u010daju zlostavljanja i zanemarivanja djece<\/strong><br \/>\n<\/p>\n","protected":false},"excerpt":{"rendered":"<p>Protokol o pokretanju psiholo\u0161kih kriznih intervencija u sustavu odgoja i obrazovanja Protokol o postupanju u slu\u010daju nasilja me\u0111u djecom i mladima &#8211; Ministarstvo za demografiju, obitelj, mlade i socijalnu politiku Protokol o postupanju u slu\u010daju nasilja u obitelji &#8211; Ministarstvo za demografiju, obitelj, mlade i socijalnu politiku Protokol o postupanju u slu\u010daju zlostavljanja i zanemarivanja [&hellip;]<\/p>\n","protected":false},"author":4,"featured_media":0,"parent":0,"menu_order":0,"comment_status":"closed","ping_status":"closed","template":"","meta":{"ngg_post_thumbnail":0,"footnotes":""},"_links":{"self":[{"href":"https:\/\/deseta-gimnazija.hr\/index.php?rest_route=\/wp\/v2\/pages\/10990"}],"collection":[{"href":"https:\/\/deseta-gimnazija.hr\/index.php?rest_route=\/wp\/v2\/pages"}],"about":[{"href":"https:\/\/deseta-gimnazija.hr\/index.php?rest_route=\/wp\/v2\/types\/page"}],"author":[{"embeddable":true,"href":"https:\/\/deseta-gimnazija.hr\/index.php?rest_route=\/wp\/v2\/users\/4"}],"replies":[{"embeddable":true,"href":"https:\/\/deseta-gimnazija.hr\/index.php?rest_route=%2Fwp%2Fv2%2Fcomments&post=10990"}],"version-history":[{"count":4,"href":"https:\/\/deseta-gimnazija.hr\/index.php?rest_route=\/wp\/v2\/pages\/10990\/revisions"}],"predecessor-version":[{"id":12990,"href":"https:\/\/deseta-gimnazija.hr\/index.php?rest_route=\/wp\/v2\/pages\/10990\/revisions\/12990"}],"wp:attachment":[{"href":"https:\/\/deseta-gimnazija.hr\/index.php?rest_route=%2Fwp%2Fv2%2Fmedia&parent=10990"}],"curies":[{"name":"wp","href":"https:\/\/api.w.org\/{rel}","templated":true}]}}