{"id":10975,"date":"2023-04-24T11:07:50","date_gmt":"2023-04-24T10:07:50","guid":{"rendered":"https:\/\/deseta-gimnazija.hr\/?page_id=10975"},"modified":"2026-01-12T14:14:27","modified_gmt":"2026-01-12T12:14:27","slug":"pravo-na-pristup-informacijama","status":"publish","type":"page","link":"https:\/\/deseta-gimnazija.hr\/?page_id=10975","title":{"rendered":"Pravo na pristup informacijama"},"content":{"rendered":"<p><strong>Obavijest o ostvarivanju prava na pristup informacijama<\/strong><br \/>\n<\/p>\n<p><strong>Odlika o imenovanju slu\u017ebenika za informiranje<\/strong><br \/>\n<\/p>\n<p><strong>Zahtjev za pristup informacijama<\/strong><br \/>\n<br \/>\n<a href=\"https:\/\/deseta-gimnazija.hr\/wp-content\/uploads\/2023\/04\/Zahtjev-za-pristup-informacijama.doc\" target=\"_blank\" rel=\"attachment noopener wp-att-8871\">Preuzmi (.doc)<\/a><\/p>\n<p><strong>Zahtjev za dopunu ili ispravak informacije<\/strong><br \/>\n<br \/>\n<a href=\"https:\/\/deseta-gimnazija.hr\/wp-content\/uploads\/2023\/04\/Zahtjev-za-dopunu-ili-ispravak-informacije.odt\" target=\"_blank\" rel=\"attachment noopener wp-att-8871\">Preuzmi (.doc)<\/a><\/p>\n<p><strong>Zahtjev za ponovnu uporabu informacija<\/strong><br \/>\n<br \/>\n<a href=\"https:\/\/deseta-gimnazija.hr\/wp-content\/uploads\/2023\/04\/Zahtjev-za-ponovnu-uporabu-informacija.odt\" target=\"_blank\" rel=\"attachment noopener wp-att-8871\">Preuzmi (.doc)<\/a><\/p>\n<p><strong>Potvrda o zaprimljenom Godi\u0161njem izvje\u0161\u0107u o provedbi ZPPI za 2025.<\/strong><br \/>\n<\/p>\n<p><strong>Potvrda o zaprimljenom Godi\u0161njem izvje\u0161\u0107u o provedbi ZPPI za 2024.<\/strong><br \/>\n<\/p>\n<p><strong>Potvrda o zaprimljenom Godi\u0161njem izvje\u0161\u0107u o provedbi ZPPI za 2022.<\/strong><br \/>\n<\/p>\n<p><strong>Potvrda o zaprimljenom Godi\u0161njem izvje\u0161\u0107u o provedbi ZPPI za 2020.<\/strong><br \/>\n<\/p>\n<p><strong>Potvrda o zaprimljenom Godi\u0161njem izvje\u0161\u0107u o provedbi ZPPI za 2019.<\/strong><br \/>\n<\/p>\n<p><strong>Potvrda o zaprimljenom Godi\u0161njem izvje\u0161\u0107u o provedbi ZPPI za 2018.<\/strong><br \/>\n<\/p>\n","protected":false},"excerpt":{"rendered":"<p>Obavijest o ostvarivanju prava na pristup informacijama Odlika o imenovanju slu\u017ebenika za informiranje Zahtjev za pristup informacijama Preuzmi (.doc) Zahtjev za dopunu ili ispravak informacije Preuzmi (.doc) Zahtjev za ponovnu uporabu informacija Preuzmi (.doc) Potvrda o zaprimljenom Godi\u0161njem izvje\u0161\u0107u o provedbi ZPPI za 2025. Potvrda o zaprimljenom Godi\u0161njem izvje\u0161\u0107u o provedbi ZPPI za 2024. Potvrda [&hellip;]<\/p>\n","protected":false},"author":4,"featured_media":0,"parent":0,"menu_order":0,"comment_status":"closed","ping_status":"closed","template":"","meta":{"ngg_post_thumbnail":0,"footnotes":""},"_links":{"self":[{"href":"https:\/\/deseta-gimnazija.hr\/index.php?rest_route=\/wp\/v2\/pages\/10975"}],"collection":[{"href":"https:\/\/deseta-gimnazija.hr\/index.php?rest_route=\/wp\/v2\/pages"}],"about":[{"href":"https:\/\/deseta-gimnazija.hr\/index.php?rest_route=\/wp\/v2\/types\/page"}],"author":[{"embeddable":true,"href":"https:\/\/deseta-gimnazija.hr\/index.php?rest_route=\/wp\/v2\/users\/4"}],"replies":[{"embeddable":true,"href":"https:\/\/deseta-gimnazija.hr\/index.php?rest_route=%2Fwp%2Fv2%2Fcomments&post=10975"}],"version-history":[{"count":8,"href":"https:\/\/deseta-gimnazija.hr\/index.php?rest_route=\/wp\/v2\/pages\/10975\/revisions"}],"predecessor-version":[{"id":14996,"href":"https:\/\/deseta-gimnazija.hr\/index.php?rest_route=\/wp\/v2\/pages\/10975\/revisions\/14996"}],"wp:attachment":[{"href":"https:\/\/deseta-gimnazija.hr\/index.php?rest_route=%2Fwp%2Fv2%2Fmedia&parent=10975"}],"curies":[{"name":"wp","href":"https:\/\/api.w.org\/{rel}","templated":true}]}}