{"id":10952,"date":"2023-04-21T16:40:21","date_gmt":"2023-04-21T15:40:21","guid":{"rendered":"https:\/\/deseta-gimnazija.hr\/?page_id=10952"},"modified":"2023-04-24T13:33:47","modified_gmt":"2023-04-24T12:33:47","slug":"zakoni","status":"publish","type":"page","link":"https:\/\/deseta-gimnazija.hr\/?page_id=10952","title":{"rendered":"Zakoni i pravilnici"},"content":{"rendered":"<p><strong>Zakon o odgoju i obrazovanju u osnovnoj i srednjoj \u0161koli<\/strong>&nbsp; (\u201eNarodne novine\u201c, broj &nbsp;<a href=\"https:\/\/narodne-novine.nn.hr\/clanci\/sluzbeni\/full\/2008_07_87_2789.html\" target=\"_blank\" rel=\"noopener\">87\/2008<\/a>,&nbsp;<a href=\"https:\/\/narodne-novine.nn.hr\/clanci\/sluzbeni\/full\/2009_07_86_2125.html\" target=\"_blank\" rel=\"noopener\">86\/2009<\/a>,&nbsp;<a href=\"https:\/\/narodne-novine.nn.hr\/clanci\/sluzbeni\/full\/2010_07_92_2593.html\" target=\"_blank\" rel=\"noopener\">92\/2010<\/a>,&nbsp;<a href=\"https:\/\/narodne-novine.nn.hr\/clanci\/sluzbeni\/full\/2010_09_105_2839.html\" target=\"_blank\" rel=\"noopener\">105\/2010<\/a>,&nbsp;<a href=\"https:\/\/narodne-novine.nn.hr\/clanci\/sluzbeni\/full\/2011_08_90_1927.html\" target=\"_blank\" rel=\"noopener\">90\/2011<\/a>,&nbsp;<a href=\"https:\/\/narodne-novine.nn.hr\/clanci\/sluzbeni\/full\/2012_01_5_76.html\" target=\"_blank\" rel=\"noopener\">5\/2012<\/a>,&nbsp;<a href=\"https:\/\/narodne-novine.nn.hr\/clanci\/sluzbeni\/full\/2012_02_16_442.html\" target=\"_blank\" rel=\"noopener\">16\/2012<\/a>,&nbsp;<a href=\"https:\/\/narodne-novine.nn.hr\/clanci\/sluzbeni\/full\/2012_07_86_1967.html\" target=\"_blank\" rel=\"noopener\">86\/2012<\/a>,&nbsp;<a href=\"https:\/\/narodne-novine.nn.hr\/clanci\/sluzbeni\/full\/2013_07_94_2130.html\" target=\"_blank\" rel=\"noopener\">94\/2013<\/a>,&nbsp;<a href=\"https:\/\/narodne-novine.nn.hr\/clanci\/sluzbeni\/full\/2014_12_152_2864.html\" target=\"_blank\" rel=\"noopener\">152\/2014<\/a>,&nbsp;<a href=\"https:\/\/narodne-novine.nn.hr\/clanci\/sluzbeni\/full\/2017_01_7_210.html\" target=\"_blank\" rel=\"noopener\">7\/2017<\/a>,<br \/>\n&nbsp;<a href=\"https:\/\/narodne-novine.nn.hr\/clanci\/sluzbeni\/full\/2018_07_68_1398.html\" target=\"_blank\" rel=\"noopener\">68\/2018<\/a>,&nbsp;<a href=\"https:\/\/narodne-novine.nn.hr\/clanci\/sluzbeni\/full\/2019_10_98_1956.html\" target=\"_blank\" rel=\"noopener\">98\/2019<\/a>,&nbsp;<a href=\"https:\/\/narodne-novine.nn.hr\/clanci\/sluzbeni\/full\/2020_05_64_1270.html\" target=\"_blank\" rel=\"noopener\">64\/2020<\/a>,&nbsp;<a href=\"https:\/\/narodne-novine.nn.hr\/clanci\/sluzbeni\/full\/2020_12_133_2519.html\" target=\"_blank\" rel=\"noopener\">133\/2020<\/a>,&nbsp;<a href=\"https:\/\/narodne-novine.nn.hr\/clanci\/sluzbeni\/full\/2022_12_151_2341.html\" target=\"_blank\" rel=\"noopener\">151\/2022.<\/a>)<\/p>\n<p><strong>Pravilnik o elementima i kriterijima za izbor kandidata za upis u I. razred srednje \u0161kole<\/strong> (\u201eNarodne novine\u201c, broj&nbsp; <a href=\"https:\/\/narodne-novine.nn.hr\/clanci\/sluzbeni\/full\/2015_05_49_981.html\" target=\"_blank\" rel=\"noopener\">49\/15<\/a>, <a href=\"https:\/\/narodne-novine.nn.hr\/clanci\/sluzbeni\/full\/2016_11_109_2371.html\" target=\"_blank\" rel=\"noopener\">109\/16<\/a> (Odluka Ustavnog suda Republike Hrvatske), <a href=\"https:\/\/narodne-novine.nn.hr\/clanci\/sluzbeni\/full\/2017_05_47_1109.html\" target=\"_blank\" rel=\"noopener\">47\/17,<\/a> <a href=\"https:\/\/narodne-novine.nn.hr\/clanci\/sluzbeni\/full\/2022_03_39_482.html\" target=\"_blank\" rel=\"noopener\">39\/22)<\/a><\/p>\n<p><strong>Pravilnik o na\u010dinima, postupcima i elementima vrednovanja u\u010denika u osnovnoj i srednjoj \u0161koli<\/strong> (\u201eNarodne novine\u201c, broj&nbsp;<a href=\"https:\/\/narodne-novine.nn.hr\/clanci\/sluzbeni\/full\/2010_09_112_2973.html\" target=\"_blank\" rel=\"noopener\">112\/10<\/a>,&nbsp;<a href=\"https:\/\/narodne-novine.nn.hr\/clanci\/sluzbeni\/full\/2019_09_82_1709.html\" target=\"_blank\" rel=\"noopener\">82\/19<\/a>,&nbsp;<a href=\"https:\/\/narodne-novine.nn.hr\/clanci\/sluzbeni\/full\/2020_04_43_898.html\" target=\"_blank\" rel=\"noopener\">43\/20<\/a>,&nbsp;<a href=\"https:\/\/narodne-novine.nn.hr\/clanci\/sluzbeni\/full\/2021_09_100_1801.html\" target=\"_blank\" rel=\"noopener\">100\/21<\/a>)<\/p>\n<p><strong>Pravilnik o srednjo\u0161kolskom obrazovanju darovitih u\u010denika<\/strong> (\u201eNarodne novine\u201c, broj <a href=\"https:\/\/narodne-novine.nn.hr\/clanci\/sluzbeni\/full\/1993_10_90_1755.html\" target=\"_blank\" rel=\"noopener\">90\/93<\/a>)<\/p>\n<p><strong>Pravilnik o osnovno\u0161kolskom i srednjo\u0161kolskom odgoju i obrazovanju u\u010denika s te\u0161ko\u0107ama u razvoju<\/strong> (\u201eNarodne novine\u201c, broj <a href=\"https:\/\/narodne-novine.nn.hr\/clanci\/sluzbeni\/full\/2015_03_24_510.html\" target=\"_blank\" rel=\"noopener\">24\/15<\/a>)<\/p>\n<p><strong>Pravilnik o kriterijima za izricanje pedago\u0161kih mjera<\/strong> (\u201eNarodne novine\u201c, broj <a href=\"https:\/\/narodne-novine.nn.hr\/clanci\/sluzbeni\/full\/2015_09_94_1818.html\" target=\"_blank\" rel=\"noopener\">94\/15<\/a>,&nbsp;<a href=\"http:\/\/narodne-novine.nn.hr\/clanci\/sluzbeni\/full\/2017_01_3_125.html\" target=\"_blank\" rel=\"noopener\">3\/17<\/a>)<\/p>\n<p><strong>Pravilnik o na\u010dinu postupanja odgojno-obrazovnih radnika \u0161kolskih ustanova u poduzimanju mjera za\u0161tite prava u\u010denika te prijave svakog kr\u0161enja tih prava nadle\u017enim tijelima<\/strong> (\u201eNarodne novine\u201c, broj&nbsp;<a href=\"https:\/\/narodne-novine.nn.hr\/clanci\/sluzbeni\/full\/2013_11_132_2874.html\" target=\"_blank\" rel=\"noopener\">132\/13<\/a>)<\/p>\n<p><strong>Pravilnik o postupku utvr\u0111ivanja psihofizi\u010dkog stanja djeteta, u\u010denika te sastavu stru\u010dnih povjerenstava<\/strong> (\u201eNarodne novine\u201c, broj&nbsp;<a href=\"https:\/\/narodne-novine.nn.hr\/clanci\/sluzbeni\/full\/2014_06_67_1279.html\" target=\"_blank\" rel=\"noopener\">67\/14<\/a>,&nbsp;<a href=\"https:\/\/narodne-novine.nn.hr\/clanci\/sluzbeni\/full\/2020_05_63_1260.html\" target=\"_blank\" rel=\"noopener\">63\/20<\/a>)<\/p>\n<p><strong>Pravilnik o izvo\u0111enju izleta, ekskurzija i drugih odgojno-obrazovnih aktivnosti izvan \u0161kole<\/strong> (\u201eNarodne novine\u201c, broj&nbsp;<a href=\"https:\/\/narodne-novine.nn.hr\/clanci\/sluzbeni\/full\/2014_06_67_1280.html\" target=\"_blank\" rel=\"noopener\">67\/14<\/a>,&nbsp;<a href=\"https:\/\/narodne-novine.nn.hr\/clanci\/sluzbeni\/full\/2015_07_81_1561.html\" target=\"_blank\" rel=\"noopener\">81\/15<\/a>,&nbsp;<a href=\"https:\/\/narodne-novine.nn.hr\/clanci\/sluzbeni\/full\/2021_05_53_1080.html\" target=\"_blank\" rel=\"noopener\">53\/21<\/a>)<\/p>\n<p><strong>Pravilnik o polaganju dr\u017eavne mature<\/strong> (\u201eNarodne novine\u201c, broj <a href=\"https:\/\/narodne-novine.nn.hr\/clanci\/sluzbeni\/full\/2013_01_1_35.html\" target=\"_blank\" rel=\"noopener\">1\/13<\/a>, <a href=\"https:\/\/narodne-novine.nn.hr\/clanci\/sluzbeni\/full\/2019_04_41_845.html\" target=\"_blank\" rel=\"noopener\">41\/19<\/a>, <a href=\"https:\/\/narodne-novine.nn.hr\/clanci\/sluzbeni\/full\/2019_12_127_2572.html\" target=\"_blank\" rel=\"noopener\">127\/19<\/a>, <a href=\"https:\/\/narodne-novine.nn.hr\/clanci\/sluzbeni\/full\/2020_05_55_1105.html\" target=\"_blank\" rel=\"noopener\">55\/20<\/a>, <a href=\"https:\/\/narodne-novine.nn.hr\/clanci\/sluzbeni\/full\/2021_05_53_1079.html\" target=\"_blank\" rel=\"noopener\">53\/21<\/a>, <a href=\"https:\/\/narodne-novine.nn.hr\/clanci\/sluzbeni\/full\/2021_11_126_2144.html\" target=\"_blank\" rel=\"noopener\">126\/21<\/a>, <a href=\"https:\/\/narodne-novine.nn.hr\/clanci\/sluzbeni\/full\/2023_02_19_327.html\" target=\"_blank\" rel=\"noopener\">19\/23<\/a>)<\/p>\n<p><strong>Pravilnik o stru\u010dnoj spremi i pedago\u0161ko-psiholo\u0161kom obrazovanju nastavnika u srednjem \u0161kolstvu<\/strong> (\u201eNarodne novine\u201c, broj <a href=\"https:\/\/narodne-novine.nn.hr\/clanci\/sluzbeni\/full\/1996_01_1_28.html\" target=\"_blank\" rel=\"noopener\">1\/96<\/a>,&nbsp;<a href=\"https:\/\/narodne-novine.nn.hr\/clanci\/sluzbeni\/full\/1999_07_80_1437.html\" target=\"_blank\" rel=\"noopener\">80\/99<\/a>)<\/p>\n<p><strong>Pravilnik o normi rada nastavnika u srednjo\u0161kolskoj ustanovi<\/strong> (\u201eNarodne novine\u201c, broj <a href=\"https:\/\/narodne-novine.nn.hr\/clanci\/sluzbeni\/full\/2010_07_94_2630.html\" target=\"_blank\" rel=\"noopener\">94\/10<\/a>,&nbsp;<a href=\"https:\/\/narodne-novine.nn.hr\/clanci\/sluzbeni\/full\/2014_08_103_2003.html\" target=\"_blank\" rel=\"noopener\">103\/14<\/a>)<\/p>\n<p><strong>Pravilnik o polaganju stru\u010dnog ispita u\u010ditelja i stru\u010dnih suradnika u osnovnom \u0161kolstvu i nastavnika u srednjem \u0161kolstvu<\/strong> (\u201eNarodne novine\u201c, broj&nbsp;<a href=\"https:\/\/narodne-novine.nn.hr\/clanci\/sluzbeni\/full\/2003_05_88_1135.html\" target=\"_blank\" rel=\"noopener\">88\/03<\/a>)<\/p>\n<p><strong>Pravilnik o napredovanju u\u010ditelja, nastavnika, stru\u010dnih suradnika i ravnatelja u osnovnim i srednjim \u0161kolama i u\u010deni\u010dkim domovima<\/strong> (\u201cNarodne novine\u201d, broj&nbsp;<a href=\"https:\/\/narodne-novine.nn.hr\/clanci\/sluzbeni\/full\/2019_07_68_1372.html\" target=\"_blank\" rel=\"noopener\">68\/19,<\/a>&nbsp;<a href=\"https:\/\/narodne-novine.nn.hr\/clanci\/sluzbeni\/full\/2020_05_60_1223.html\" target=\"_blank\" rel=\"noopener\">60\/20<\/a>,&nbsp;<a href=\"https:\/\/narodne-novine.nn.hr\/clanci\/sluzbeni\/full\/2021_03_32_679.html\" target=\"_blank\" rel=\"noopener\">32\/21<\/a>)<\/p>\n<p><strong>Pravilnik o nagra\u0111ivanju u\u010ditelja, nastavnika, stru\u010dnih suradnika i ravnatelja u osnovnim i srednjim \u0161kolama te u\u010deni\u010dkim domovima<\/strong> (\u201cNarodne novine\u201d, broj&nbsp;<a href=\"https:\/\/narodne-novine.nn.hr\/clanci\/sluzbeni\/full\/2019_05_53_1019.html\" target=\"_blank\" rel=\"noopener\">53\/19<\/a>,&nbsp;<a href=\"https:\/\/narodne-novine.nn.hr\/clanci\/sluzbeni\/full\/2022_03_30_371.html\" target=\"_blank\" rel=\"noopener\">30\/22<\/a>)<\/p>\n<p><strong>Zakon o ustanovama<\/strong> (\u201eNarodne novine\u201c, broj <a href=\"https:\/\/narodne-novine.nn.hr\/clanci\/sluzbeni\/full\/1993_08_76_1548.html\" target=\"_blank\" rel=\"noopener\">76\/93<\/a>,&nbsp;<a href=\"https:\/\/narodne-novine.nn.hr\/clanci\/sluzbeni\/full\/1997_03_29_427.html\" target=\"_blank\" rel=\"noopener\">29\/97<\/a>,&nbsp;<a href=\"https:\/\/narodne-novine.nn.hr\/clanci\/sluzbeni\/full\/1999_05_47_924.html\" target=\"_blank\" rel=\"noopener\">47\/99<\/a>,&nbsp;<a href=\"https:\/\/narodne-novine.nn.hr\/clanci\/sluzbeni\/full\/2008_03_35_1142.html\" target=\"_blank\" rel=\"noopener\">35\/08<\/a>,&nbsp;<a href=\"https:\/\/narodne-novine.nn.hr\/clanci\/sluzbeni\/full\/2019_12_127_2562.html\" target=\"_blank\" rel=\"noopener\">127\/19<\/a>,&nbsp;<a href=\"https:\/\/narodne-novine.nn.hr\/clanci\/sluzbeni\/full\/2022_12_151_2344.html\" target=\"_blank\" rel=\"noopener\">151\/22<\/a>)<\/p>\n<p><strong>Temeljni kolektivni ugovor za slu\u017ebenike i namje\u0161tenike u javnim slu\u017ebama<\/strong> (\u201eNarodne novine\u201d, broj <a href=\"https:\/\/narodne-novine.nn.hr\/clanci\/sluzbeni\/full\/2022_05_56_800.html\" target=\"_blank\" rel=\"noopener\">56\/22<\/a>,&nbsp;<a href=\"https:\/\/narodne-novine.nn.hr\/clanci\/sluzbeni\/full\/2022_10_127_1933.html\" target=\"_blank\" rel=\"noopener\">127\/22<\/a>)<\/p>\n<p><strong>Kolektivni ugovor za zaposlenike u srednjo\u0161kolskim ustanovama<\/strong> (\u201eNarodne novine\u201d, broj <a href=\"https:\/\/narodne-novine.nn.hr\/clanci\/sluzbeni\/full\/2018_06_51_1019.html\">51\/18<\/a>&nbsp;\u2013 istekao period produ\u017eene primjene pravnih pravila iz ovog propisa; materijalna i nematerijalna prava iz neva\u017ee\u0107eg propisa nastavljaju se priznavati temeljem Odluke Vlade Republike Hrvatske o isplati materijalnih i nematerijalnih prava te drugih naknada za zaposlenike u srednjo\u0161kolskim ustanovama, \u201cNarodne novine\u201d, broj <a href=\"https:\/\/narodne-novine.nn.hr\/clanci\/sluzbeni\/full\/2022_05_60_860.html\" target=\"_blank\" rel=\"noopener\">60\/22<\/a>)<\/p>\n<p><strong>Pravilnik o djelokrugu rada tajnika te administrativno-tehni\u010dkim i pomo\u0107nim poslovima koji se obavljaju u srednjo\u0161kolskoj ustanovi<\/strong> (\u201eNarodne novine\u201c, broj <a href=\"https:\/\/narodne-novine.nn.hr\/clanci\/sluzbeni\/full\/2011_01_2_35.html\" target=\"_blank\" rel=\"noopener\">2\/11<\/a>)<\/p>\n<p><strong>Zakon o pravu na pristup informacijama<\/strong> (\u201eNarodne novine\u201c, broj <a href=\"https:\/\/narodne-novine.nn.hr\/clanci\/sluzbeni\/full\/2013_02_25_403.html\" target=\"_blank\" rel=\"noopener\">25\/13<\/a>,&nbsp;<a href=\"https:\/\/narodne-novine.nn.hr\/clanci\/sluzbeni\/full\/2015_08_85_1649.html\" target=\"_blank\" rel=\"noopener\">85\/15<\/a>,&nbsp;<a href=\"https:\/\/narodne-novine.nn.hr\/clanci\/sluzbeni\/full\/2022_06_69_1025.html\" target=\"_blank\" rel=\"noopener\">69\/22<\/a>)<\/p>\n<p><strong>Kriteriji za odre\u0111ivanje visine naknade stvarnih materijalnih tro\u0161kova i tro\u0161kova dostave informacije<\/strong> (\u201eNarodne novine\u201c, broj <a href=\"https:\/\/narodne-novine.nn.hr\/clanci\/sluzbeni\/full\/2014_01_12_231.html\" target=\"_blank\" rel=\"noopener\">12\/14<\/a>,&nbsp;<a href=\"https:\/\/narodne-novine.nn.hr\/clanci\/sluzbeni\/full\/2014_02_15_316.html\" target=\"_blank\" rel=\"noopener\">15\/14<\/a>,&nbsp;<a href=\"https:\/\/narodne-novine.nn.hr\/clanci\/sluzbeni\/full\/2022_12_141_2149.html\" target=\"_blank\" rel=\"noopener\">141\/22<\/a>)<\/p>\n<p><strong>Pravilnik o na\u010dinu postupanja odgojno-obrazovnih radnika \u0161kolskih ustanova u poduzimanju mjera za\u0161tite prava u\u010denika te prijave svakog kr\u0161enja tih prava nadle\u017enim tijelima<\/strong> (\u201cNarodne novine\u201d, broj <a href=\"https:\/\/narodne-novine.nn.hr\/clanci\/sluzbeni\/full\/2013_11_132_2874.html\" target=\"_blank\" rel=\"noopener\">132\/13<\/a>)<\/p>\n<p><strong>Protokol o postupanju u slu\u010daju seksualnog nasilja<\/strong> (\u201cNarodne novine\u201d, broj <a href=\"https:\/\/narodne-novine.nn.hr\/clanci\/sluzbeni\/full\/2018_08_70_1418.html\" target=\"_blank\" rel=\"noopener\">70\/18<\/a>)<\/p>\n<p>&nbsp;<\/p>\n","protected":false},"excerpt":{"rendered":"<p>Zakon o odgoju i obrazovanju u osnovnoj i srednjoj \u0161koli&nbsp; (\u201eNarodne novine\u201c, broj &nbsp;87\/2008,&nbsp;86\/2009,&nbsp;92\/2010,&nbsp;105\/2010,&nbsp;90\/2011,&nbsp;5\/2012,&nbsp;16\/2012,&nbsp;86\/2012,&nbsp;94\/2013,&nbsp;152\/2014,&nbsp;7\/2017, &nbsp;68\/2018,&nbsp;98\/2019,&nbsp;64\/2020,&nbsp;133\/2020,&nbsp;151\/2022.) Pravilnik o elementima i kriterijima za izbor kandidata za upis u I. razred srednje \u0161kole (\u201eNarodne novine\u201c, broj&nbsp; 49\/15, 109\/16 (Odluka Ustavnog suda Republike Hrvatske), 47\/17, 39\/22) Pravilnik o na\u010dinima, postupcima i elementima vrednovanja u\u010denika u osnovnoj i srednjoj \u0161koli [&hellip;]<\/p>\n","protected":false},"author":4,"featured_media":0,"parent":0,"menu_order":0,"comment_status":"closed","ping_status":"closed","template":"","meta":{"ngg_post_thumbnail":0,"footnotes":""},"_links":{"self":[{"href":"https:\/\/deseta-gimnazija.hr\/index.php?rest_route=\/wp\/v2\/pages\/10952"}],"collection":[{"href":"https:\/\/deseta-gimnazija.hr\/index.php?rest_route=\/wp\/v2\/pages"}],"about":[{"href":"https:\/\/deseta-gimnazija.hr\/index.php?rest_route=\/wp\/v2\/types\/page"}],"author":[{"embeddable":true,"href":"https:\/\/deseta-gimnazija.hr\/index.php?rest_route=\/wp\/v2\/users\/4"}],"replies":[{"embeddable":true,"href":"https:\/\/deseta-gimnazija.hr\/index.php?rest_route=%2Fwp%2Fv2%2Fcomments&post=10952"}],"version-history":[{"count":19,"href":"https:\/\/deseta-gimnazija.hr\/index.php?rest_route=\/wp\/v2\/pages\/10952\/revisions"}],"predecessor-version":[{"id":10959,"href":"https:\/\/deseta-gimnazija.hr\/index.php?rest_route=\/wp\/v2\/pages\/10952\/revisions\/10959"}],"wp:attachment":[{"href":"https:\/\/deseta-gimnazija.hr\/index.php?rest_route=%2Fwp%2Fv2%2Fmedia&parent=10952"}],"curies":[{"name":"wp","href":"https:\/\/api.w.org\/{rel}","templated":true}]}}